{"id":37006,"date":"2023-05-30T12:14:51","date_gmt":"2023-05-30T10:14:51","guid":{"rendered":"https:\/\/vcd.oms-smart.de\/cote-dazur-a-z\/ferienhaus-cannes\/"},"modified":"2025-10-30T12:18:45","modified_gmt":"2025-10-30T11:18:45","slug":"ferienhaus-cannes","status":"publish","type":"page","link":"https:\/\/villas-cote-d-azur.de\/en\/cote-dazur-a-z\/ferienhaus-cannes\/","title":{"rendered":"Buchen Sie ein Ferienhaus\/eine Villa in Cannes, erwarten Sie Exklusivit&auml;t und Komfort"},"content":{"rendered":"<div class=\"wpb-content-wrapper\"><p>[vc_row][vc_column][vc_column_text css=&#8221;.vc_custom_1761822999564{margin-bottom: 20px !important;}&#8221;]Entdecken Sie die traumhafte franz\u00f6sische Riviera in einer exklusiven <strong>Ferienvilla oder -wohnung in Cannes<\/strong>. Ob Sie eine stilvolle Villa mit Pool und Meerblick oder eine elegantes Ferienhaus nah zur beliebten Stadt suchen, wir bieten Ihnen die perfekte Unterkunft. Cannes ist bekannt f\u00fcr seine mond\u00e4ne Atmosph\u00e4re, das Filmfestival und den exklusiven Lifestyle. Und genau da schlie\u00dfen sich unsere Urlaubsdomizile an.[\/vc_column_text][vc_btn title=&#8221;Anfrage&#8221; color=&#8221;sky&#8221; align=&#8221;center&#8221; link=&#8221;url:%2Fkontakt%2F|title:Kontakt&#8221;][vc_column_text css=&#8221;.vc_custom_1761823055324{margin-top: 20px !important;margin-bottom: 50px !important;}&#8221;]Die Villen und Appartements stehen f\u00fcr h\u00f6chsten Komfort und Privatsph\u00e4re. Genie\u00dfen Sie den Blick auf das Meer oder die umliegenden H\u00fcgel und lassen Sie sich von der Sch\u00f6nheit der Umgebung verzaubern. Die Stadt ist auch ein gro\u00dfartiger Ausgangspunkt, um die benachbarten K\u00fcstenorte wie Nizza, Antibes und Saint-Tropez zu erkunden. Jede Unterkunft ist modern ausgestattet und sorgt daf\u00fcr, dass es Ihnen an nichts fehlt. Die meisten Villen verf\u00fcgen \u00fcber private Pools und gro\u00dfz\u00fcgige Terrassen, auf denen Sie die Sonne und den Blick auf die C\u00f4te d\u2019Azur genie\u00dfen k\u00f6nnen.[\/vc_column_text][vc_column_text css=&#8221;.vc_custom_1761823083132{margin-top: 50px !important;margin-bottom: 50px !important;}&#8221;]<\/p>\n<h2>Jedes Ferienhaus in Cannes bietet exklusive Ausstattung<\/h2>\n<p>Neben den luxuri\u00f6sen Schlafzimmern und Badezimmern bietet fast jedes Ferienhaus auch gro\u00dfz\u00fcgige Wohnzimmer, umfassend ausgestattete K\u00fcchen, schnelles Internet, Klimaanlage und private Parkpl\u00e4tze. Erleben Sie entspannte Abende bei einem BBQ im Garten oder einem Dinner auf der Terrasse mit Blick auf Cannes. Die zentrale Lage vieler Villen erm\u00f6glicht es Ihnen, die wichtigsten Sehensw\u00fcrdigkeiten und die Str\u00e4nde von Cannes in wenigen Minuten zu erreichen.<\/p>\n<h2>Aktivit\u00e4ten und Ausfl\u00fcge<\/h2>\n<p>Cannes ist ber\u00fchmt f\u00fcr seine internationalen Filmfestspiele und das luxuri\u00f6se Nachtleben. Die Stadt bietet zahlreiche exklusive Restaurants, Bars und Boutiquen. Erkunden Sie die Altstadt \u201eLe Suquet\u201c oder genie\u00dfen Sie einen Spaziergang entlang der Croisette. Wenn Sie die Umgebung entdecken m\u00f6chten, sind Nizza, Antibes und Saint-Tropez ebenfalls nur einen kurzen Ausflug entfernt.<\/p>\n<p>[\/vc_column_text]<div class=\" bottom-estate_property nobutton \"><div class=\" items_shortcode_wrapper\"><\/div><\/div>[\/vc_column][\/vc_row]<\/p>\n<\/div>","protected":false},"excerpt":{"rendered":"<p>[vc_row][vc_column][vc_column_text css=&#8221;.vc_custom_1761822999564{margin-bottom: 20px !important;}&#8221;]Entdecken Sie die traumhafte franz\u00f6sische Riviera in einer exklusiven Ferienvilla oder -wohnung in Cannes. Ob Sie eine stilvolle Villa mit Pool und Meerblick oder eine elegantes Ferienhaus nah zur beliebten Stadt suchen, wir bieten Ihnen die perfekte Unterkunft. Cannes ist bekannt f\u00fcr seine mond\u00e4ne Atmosph\u00e4re, das Filmfestival und den exklusiven Lifestyle. Und &#8230;<\/p>\n","protected":false},"author":1,"featured_media":0,"parent":29035,"menu_order":0,"comment_status":"closed","ping_status":"closed","template":"","meta":{"_acf_changed":false,"footnotes":""},"class_list":["post-37006","page","type-page","status-publish","hentry"],"acf":[],"yoast_head":"<!-- This site is optimized with the Yoast SEO plugin v27.4 - https:\/\/yoast.com\/product\/yoast-seo-wordpress\/ -->\n<title>Buchen Sie ein Ferienhaus\/eine Villa in Cannes, erwarten Sie Exklusivit&auml;t und Komfort - MaisonAzur<\/title>\n<meta name=\"robots\" content=\"index, follow, max-snippet:-1, max-image-preview:large, max-video-preview:-1\" \/>\n<link rel=\"canonical\" href=\"https:\/\/villas-cote-d-azur.de\/en\/cote-dazur-a-z\/ferienhaus-cannes\/\" \/>\n<meta property=\"og:locale\" content=\"en_US\" \/>\n<meta property=\"og:type\" content=\"article\" \/>\n<meta property=\"og:title\" content=\"Buchen Sie ein Ferienhaus\/eine Villa in Cannes, erwarten Sie Exklusivit&auml;t und Komfort - MaisonAzur\" \/>\n<meta property=\"og:description\" content=\"[vc_row][vc_column][vc_column_text css=&#8221;.vc_custom_1761822999564{margin-bottom: 20px !important;}&#8221;]Entdecken Sie die traumhafte franz\u00f6sische Riviera in einer exklusiven Ferienvilla oder -wohnung in Cannes. Ob Sie eine stilvolle Villa mit Pool und Meerblick oder eine elegantes Ferienhaus nah zur beliebten Stadt suchen, wir bieten Ihnen die perfekte Unterkunft. Cannes ist bekannt f\u00fcr seine mond\u00e4ne Atmosph\u00e4re, das Filmfestival und den exklusiven Lifestyle. Und ...\" \/>\n<meta property=\"og:url\" content=\"https:\/\/villas-cote-d-azur.de\/en\/cote-dazur-a-z\/ferienhaus-cannes\/\" \/>\n<meta property=\"og:site_name\" content=\"MaisonAzur\" \/>\n<meta property=\"article:modified_time\" content=\"2025-10-30T11:18:45+00:00\" \/>\n<meta name=\"twitter:card\" content=\"summary_large_image\" \/>\n<meta name=\"twitter:label1\" content=\"Est. reading time\" \/>\n\t<meta name=\"twitter:data1\" content=\"2 minutes\" \/>\n<script type=\"application\/ld+json\" class=\"yoast-schema-graph\">{\"@context\":\"https:\\\/\\\/schema.org\",\"@graph\":[{\"@type\":\"WebPage\",\"@id\":\"https:\\\/\\\/villas-cote-d-azur.de\\\/en\\\/cote-dazur-a-z\\\/ferienhaus-cannes\\\/\",\"url\":\"https:\\\/\\\/villas-cote-d-azur.de\\\/en\\\/cote-dazur-a-z\\\/ferienhaus-cannes\\\/\",\"name\":\"Buchen Sie ein Ferienhaus\\\/eine Villa in Cannes, erwarten Sie Exklusivit&auml;t und Komfort - MaisonAzur\",\"isPartOf\":{\"@id\":\"https:\\\/\\\/villas-cote-d-azur.de\\\/#website\"},\"datePublished\":\"2023-05-30T10:14:51+00:00\",\"dateModified\":\"2025-10-30T11:18:45+00:00\",\"breadcrumb\":{\"@id\":\"https:\\\/\\\/villas-cote-d-azur.de\\\/en\\\/cote-dazur-a-z\\\/ferienhaus-cannes\\\/#breadcrumb\"},\"inLanguage\":\"en-US\",\"potentialAction\":[{\"@type\":\"ReadAction\",\"target\":[\"https:\\\/\\\/villas-cote-d-azur.de\\\/en\\\/cote-dazur-a-z\\\/ferienhaus-cannes\\\/\"]}]},{\"@type\":\"BreadcrumbList\",\"@id\":\"https:\\\/\\\/villas-cote-d-azur.de\\\/en\\\/cote-dazur-a-z\\\/ferienhaus-cannes\\\/#breadcrumb\",\"itemListElement\":[{\"@type\":\"ListItem\",\"position\":1,\"name\":\"Startseite\",\"item\":\"https:\\\/\\\/villas-cote-d-azur.de\\\/en\\\/\"},{\"@type\":\"ListItem\",\"position\":2,\"name\":\"Cote Dazur A-Z\",\"item\":\"https:\\\/\\\/villas-cote-d-azur.de\\\/en\\\/cote-dazur-a-z\\\/\"},{\"@type\":\"ListItem\",\"position\":3,\"name\":\"Buchen Sie ein Ferienhaus\\\/eine Villa in Cannes, erwarten Sie Exklusivit&auml;t und Komfort\"}]},{\"@type\":\"WebSite\",\"@id\":\"https:\\\/\\\/villas-cote-d-azur.de\\\/#website\",\"url\":\"https:\\\/\\\/villas-cote-d-azur.de\\\/\",\"name\":\"MaisonAzur\",\"description\":\"\",\"potentialAction\":[{\"@type\":\"SearchAction\",\"target\":{\"@type\":\"EntryPoint\",\"urlTemplate\":\"https:\\\/\\\/villas-cote-d-azur.de\\\/?s={search_term_string}\"},\"query-input\":{\"@type\":\"PropertyValueSpecification\",\"valueRequired\":true,\"valueName\":\"search_term_string\"}}],\"inLanguage\":\"en-US\"}]}<\/script>\n<!-- \/ Yoast SEO plugin. -->","yoast_head_json":{"title":"Buchen Sie ein Ferienhaus\/eine Villa in Cannes, erwarten Sie Exklusivit&auml;t und Komfort - MaisonAzur","robots":{"index":"index","follow":"follow","max-snippet":"max-snippet:-1","max-image-preview":"max-image-preview:large","max-video-preview":"max-video-preview:-1"},"canonical":"https:\/\/villas-cote-d-azur.de\/en\/cote-dazur-a-z\/ferienhaus-cannes\/","og_locale":"en_US","og_type":"article","og_title":"Buchen Sie ein Ferienhaus\/eine Villa in Cannes, erwarten Sie Exklusivit&auml;t und Komfort - MaisonAzur","og_description":"[vc_row][vc_column][vc_column_text css=&#8221;.vc_custom_1761822999564{margin-bottom: 20px !important;}&#8221;]Entdecken Sie die traumhafte franz\u00f6sische Riviera in einer exklusiven Ferienvilla oder -wohnung in Cannes. Ob Sie eine stilvolle Villa mit Pool und Meerblick oder eine elegantes Ferienhaus nah zur beliebten Stadt suchen, wir bieten Ihnen die perfekte Unterkunft. Cannes ist bekannt f\u00fcr seine mond\u00e4ne Atmosph\u00e4re, das Filmfestival und den exklusiven Lifestyle. Und ...","og_url":"https:\/\/villas-cote-d-azur.de\/en\/cote-dazur-a-z\/ferienhaus-cannes\/","og_site_name":"MaisonAzur","article_modified_time":"2025-10-30T11:18:45+00:00","twitter_card":"summary_large_image","twitter_misc":{"Est. reading time":"2 minutes"},"schema":{"@context":"https:\/\/schema.org","@graph":[{"@type":"WebPage","@id":"https:\/\/villas-cote-d-azur.de\/en\/cote-dazur-a-z\/ferienhaus-cannes\/","url":"https:\/\/villas-cote-d-azur.de\/en\/cote-dazur-a-z\/ferienhaus-cannes\/","name":"Buchen Sie ein Ferienhaus\/eine Villa in Cannes, erwarten Sie Exklusivit&auml;t und Komfort - MaisonAzur","isPartOf":{"@id":"https:\/\/villas-cote-d-azur.de\/#website"},"datePublished":"2023-05-30T10:14:51+00:00","dateModified":"2025-10-30T11:18:45+00:00","breadcrumb":{"@id":"https:\/\/villas-cote-d-azur.de\/en\/cote-dazur-a-z\/ferienhaus-cannes\/#breadcrumb"},"inLanguage":"en-US","potentialAction":[{"@type":"ReadAction","target":["https:\/\/villas-cote-d-azur.de\/en\/cote-dazur-a-z\/ferienhaus-cannes\/"]}]},{"@type":"BreadcrumbList","@id":"https:\/\/villas-cote-d-azur.de\/en\/cote-dazur-a-z\/ferienhaus-cannes\/#breadcrumb","itemListElement":[{"@type":"ListItem","position":1,"name":"Startseite","item":"https:\/\/villas-cote-d-azur.de\/en\/"},{"@type":"ListItem","position":2,"name":"Cote Dazur A-Z","item":"https:\/\/villas-cote-d-azur.de\/en\/cote-dazur-a-z\/"},{"@type":"ListItem","position":3,"name":"Buchen Sie ein Ferienhaus\/eine Villa in Cannes, erwarten Sie Exklusivit&auml;t und Komfort"}]},{"@type":"WebSite","@id":"https:\/\/villas-cote-d-azur.de\/#website","url":"https:\/\/villas-cote-d-azur.de\/","name":"MaisonAzur","description":"","potentialAction":[{"@type":"SearchAction","target":{"@type":"EntryPoint","urlTemplate":"https:\/\/villas-cote-d-azur.de\/?s={search_term_string}"},"query-input":{"@type":"PropertyValueSpecification","valueRequired":true,"valueName":"search_term_string"}}],"inLanguage":"en-US"}]}},"_links":{"self":[{"href":"https:\/\/villas-cote-d-azur.de\/en\/wp-json\/wp\/v2\/pages\/37006","targetHints":{"allow":["GET"]}}],"collection":[{"href":"https:\/\/villas-cote-d-azur.de\/en\/wp-json\/wp\/v2\/pages"}],"about":[{"href":"https:\/\/villas-cote-d-azur.de\/en\/wp-json\/wp\/v2\/types\/page"}],"author":[{"embeddable":true,"href":"https:\/\/villas-cote-d-azur.de\/en\/wp-json\/wp\/v2\/users\/1"}],"replies":[{"embeddable":true,"href":"https:\/\/villas-cote-d-azur.de\/en\/wp-json\/wp\/v2\/comments?post=37006"}],"version-history":[{"count":2,"href":"https:\/\/villas-cote-d-azur.de\/en\/wp-json\/wp\/v2\/pages\/37006\/revisions"}],"predecessor-version":[{"id":43613,"href":"https:\/\/villas-cote-d-azur.de\/en\/wp-json\/wp\/v2\/pages\/37006\/revisions\/43613"}],"up":[{"embeddable":true,"href":"https:\/\/villas-cote-d-azur.de\/en\/wp-json\/wp\/v2\/pages\/29035"}],"wp:attachment":[{"href":"https:\/\/villas-cote-d-azur.de\/en\/wp-json\/wp\/v2\/media?parent=37006"}],"curies":[{"name":"wp","href":"https:\/\/api.w.org\/{rel}","templated":true}]}}